{"id":2,"date":"2021-01-11T11:15:55","date_gmt":"2021-01-11T11:15:55","guid":{"rendered":"https:\/\/yamaha-be.bijna.online\/?page_id=2"},"modified":"2025-07-23T12:23:21","modified_gmt":"2025-07-23T12:23:21","slug":"home","status":"publish","type":"page","link":"https:\/\/kawasaki-insurance.be\/fr\/","title":{"rendered":"Home"},"content":{"rendered":"\n<h1 class=\"wp-block-heading\">Bienvenue chez Kawasaki Insurance<\/h1>\n\n\n\n<p><strong>Pour garantir&nbsp;un plaisir de conduire sans souci, choisissez Kawasaki<\/strong><\/p>\n\n\n\n<p>Kawasaki Insurance comprend mieux&nbsp;que quiconque combien il est agr\u00e9able de conduire une Kawasaki. Le plus important est que vous puissiez prendre la route en toute tranquillit\u00e9 d&rsquo;esprit. Que vous conduisiez un Z900, un Versys ou un Ninja 1100SX, nous veillons \u00e0 ce que vous soyez correctement assur\u00e9. <a href=\"https:\/\/kawasaki-insurance.be\/fr\/garanties\/\" data-type=\"URL\" data-id=\"https:\/\/kawasaki-insurance.be\/fr\/garanties\/\">En choisissant nos garanties pour votre moto Kawasaki<\/a>, vous choisissez votre protection et celle de votre moto selon vos besoins.<\/p>\n\n\n\n<p> Curieux de savoir quel serait le montant de votre prime ? <a href=\"https:\/\/premie.kawasaki-insurance.be\/offertes\/nieuw\/1ad2cf00-fadc-4dfd-a2ae-8b030d565a87?label=kawasaki&amp;lang=fr\" data-type=\"URL\" data-id=\"https:\/\/premie.kawasaki-insurance.be\/offertes\/nieuw\/1ad2cf00-fadc-4dfd-a2ae-8b030d565a87?label=kawasaki&amp;lang=fr\">Faites votre calcul ici !<\/a><\/p>\n\n\n\n<p>Souhaitez-vous en savoir plus ? N&rsquo;h\u00e9sitez pas \u00e0 nous contacter au <strong>03\/808.58.97<\/strong> du lundi au vendredi de 09h00 \u00e0 17h00<\/p>\n\n\n\n\n<div id=\"content-image-block_0f17d60127d2d21634ac3f0cc44f1ed3\" class=\"grid-x content-image-block\">\n\t\n\t\t\n\t<div class=\"cell medium-6 image\" style=\"background: url(https:\/\/kawasaki-insurance.be\/fr\/wp-content\/uploads\/2024\/02\/24MY_Ninja-500-SE_GN1_ACT-6.jpg) no-repeat center center;\">\n\t\t\t\n\t<\/div>\n\t\t\t\t\n\t<div class=\"cell medium-6 text\">\n\t\n\t<p><strong>RC \u00e0 partir de 158 \u20ac par an !<\/strong><\/p>\n<p>La responsabilit\u00e9 civile (RC) est l\u2019assurance minimum obligatoire pour pouvoir prendre la route \u00e0 moto. Chez Kawasaki Insurance, vous \u00eates assur\u00e9 \u00e0 partir de 158 \u20ac par an !<\/p>\n\t\n\t<\/div>\n\t\n\t\t\n<\/div>\n\n\n\n<div id=\"content-image-block_5a5ef9fa46fe3a6091fa4dd76b1b2c1d\" class=\"grid-x content-image-block\">\n\t\n\t\t\n\t\t<div class=\"cell medium-6 text\">\n\t\n\t<p><strong>Franchise \u00e0 0 \u20ac<\/strong><\/p>\n<p>*En cas de r\u00e9paration effectu\u00e9e par un concessionnaire officiel Kawasaki, vous b\u00e9n\u00e9ficiez d&rsquo;une franchise de 0 \u20ac. Si vous choisissez de ne pas effectuer la r\u00e9paration chez un concessionnaire officiel Kawasaki, la franchise s&rsquo;\u00e9l\u00e8ve \u00e0 1.500 \u20ac.<\/p>\n<p>*De plus, une franchise fixe de 1.500 \u20ac s&rsquo;applique toujours aux jeunes conducteurs de moins de 30 ans r\u00e9sidant dans la r\u00e9gion de Bruxelles-Capitale, dans les codes postaux 1000, 1020, 1030, 1040, 1050, 1060, 1070, 1080, 1081, 1082, 1083, 1090, 1120, 1140, 1150, 1160, 1170, 1180, 1190, 1200, 1130, 1210.*<\/p>\n\t\n\t<\/div>\n\t\n\t<div class=\"cell medium-6 image\" style=\"background: url(https:\/\/kawasaki-insurance.be\/fr\/wp-content\/uploads\/2023\/11\/24MY_Z_7_Hybrid_SE_GY1_ACT_41-1.gif) no-repeat center center;\">\n\t\t\t\n\t<\/div>\n\t\t\t\t\n\t\n\t\n\t\t\n<\/div>","protected":false},"excerpt":{"rendered":"<p>Bienvenue chez Kawasaki Insurance Pour garantir&nbsp;un plaisir de conduire sans souci, choisissez Kawasaki Kawasaki Insurance comprend mieux&nbsp;que quiconque combien il est agr\u00e9able de conduire une Kawasaki. Le plus important est que vous puissiez prendre la route en toute tranquillit\u00e9 d&rsquo;esprit. Que vous conduisiez un Z900, un Versys ou un Ninja 1100SX, nous veillons \u00e0 ce<a class=\"excerpt-read-more\" href=\"https:\/\/kawasaki-insurance.be\/fr\/\" title=\"ReadHome\">&#8230; Read more &raquo;<\/a><\/p>\n","protected":false},"author":1,"featured_media":0,"parent":0,"menu_order":0,"comment_status":"closed","ping_status":"closed","template":"page-templates.php\/homepage.php","meta":{"_acf_changed":false,"editor_notices":[],"footnotes":""},"class_list":["post-2","page","type-page","status-publish","hentry"],"acf":[],"_links":{"self":[{"href":"https:\/\/kawasaki-insurance.be\/fr\/wp-json\/wp\/v2\/pages\/2","targetHints":{"allow":["GET"]}}],"collection":[{"href":"https:\/\/kawasaki-insurance.be\/fr\/wp-json\/wp\/v2\/pages"}],"about":[{"href":"https:\/\/kawasaki-insurance.be\/fr\/wp-json\/wp\/v2\/types\/page"}],"author":[{"embeddable":true,"href":"https:\/\/kawasaki-insurance.be\/fr\/wp-json\/wp\/v2\/users\/1"}],"replies":[{"embeddable":true,"href":"https:\/\/kawasaki-insurance.be\/fr\/wp-json\/wp\/v2\/comments?post=2"}],"version-history":[{"count":26,"href":"https:\/\/kawasaki-insurance.be\/fr\/wp-json\/wp\/v2\/pages\/2\/revisions"}],"predecessor-version":[{"id":967,"href":"https:\/\/kawasaki-insurance.be\/fr\/wp-json\/wp\/v2\/pages\/2\/revisions\/967"}],"wp:attachment":[{"href":"https:\/\/kawasaki-insurance.be\/fr\/wp-json\/wp\/v2\/media?parent=2"}],"curies":[{"name":"wp","href":"https:\/\/api.w.org\/{rel}","templated":true}]}}