{"id":57,"date":"2021-01-11T12:58:39","date_gmt":"2021-01-11T12:58:39","guid":{"rendered":"https:\/\/yamaha-be.bijna.online\/?page_id=57"},"modified":"2023-01-06T13:16:12","modified_gmt":"2023-01-06T13:16:12","slug":"privacy-verklaring","status":"publish","type":"page","link":"https:\/\/kawasaki-insurance.be\/fr\/privacy-verklaring\/","title":{"rendered":"Politique des cookies"},"content":{"rendered":"\n<p>Kawasaki Insurance est g\u00e9r\u00e9 et commercialis\u00e9 par Combi Motors Belgium BV.<\/p>\n\n\n\n<p><strong>Responsabilit\u00e9 des contenus publi\u00e9s<\/strong><\/p>\n\n\n\n<p>Kawasaki Insurance efforce d&rsquo;assurer au mieux de ses possibilit\u00e9s, l&rsquo;exactitude et la mise \u00e0 jour de toutes les informations sur ce site. Toutefois, nous ne pouvons pas garantir que ces informations sont toujours \u00e0 jour, exemptes d&rsquo;erreurs ou compl\u00e8tes. Par cons\u00e9quent, aucun droit ne peut \u00eatre tir\u00e9 des informations fournies sur ce site. En outre, Kawasaki Insurance n&rsquo;assume aucune responsabilit\u00e9 pour le contenu des sites qui ne sont pas g\u00e9r\u00e9s par Kawasaki Insurance et auxquels il est fait r\u00e9f\u00e9rence, ou qui renvoient vers le(s) site(s) de Kawasaki Insurance.<\/p>\n\n\n\n<p>Kawasaki Insurance se r\u00e9serve le droit de v\u00e9rifier les d\u00e9tails du devis que vous fournissez et, en cas de la fourniture d&rsquo;informations incorrectes, de les modifier afin de les mettre en conformit\u00e9 avec la prime de garantie ou le devis actuel. Aucun droit contraignant ne peut \u00eatre d\u00e9duit du calcul des primes sur le site web Kawasaki.<\/p>\n\n\n\n<p><strong>L\u00e9gislation<\/strong><\/p>\n\n\n\n<p>La l\u00e9gislation dans le domaine du commerce \u00e9lectronique est encore en pleine \u00e9volution. Des informations sur la l\u00e9gislation belge et les activit\u00e9s du gouvernement dans le domaine du commerce \u00e9lectronique peuvent \u00eatre consult\u00e9es sur le site web du SPF Economie. Kawasaki Insurance suit de pr\u00e8s les d\u00e9veloppements et adapte sa politique et ses activit\u00e9s aux l\u00e9gislations europ\u00e9enne et belge actuelles.<\/p>\n\n\n\n<p><strong>Droit de propri\u00e9t\u00e9<\/strong><\/p>\n\n\n\n<p>Il est interdit de diffuser distribuer ou reproduire en totalit\u00e9 ou en partie, des informations reprises sur ce site web sans en avoir obtenu l&rsquo;autorisation \u00e9crite pr\u00e9alable de Kawasaki Insurance.<\/p>\n\n\n\n<p><strong>D\u00e9claration de confidentialit\u00e9<\/strong><\/p>\n\n\n\n<p><strong>Qui sommes-nous?<\/strong><\/p>\n\n\n\n<p>Combi Motors Belgium BV<\/p>\n\n\n\n<p>Si\u00e8ge social<\/p>\n\n\n\n<p>Kapelsesteenweg 292<\/p>\n\n\n\n<p>2930 Braschaat <\/p>\n\n\n\n<p>Si\u00e8ge d&rsquo;exploitation<\/p>\n\n\n\n<p>Da Vincilaan 1<\/p>\n\n\n\n<p>1930 Zaventem<\/p>\n\n\n\n<p>+3238085897<\/p>\n\n\n\n<p><a href=\"mailto:fgb@combimotors.nl\">info@combimotors.<\/a>be<\/p>\n\n\n\n<p><\/p>\n\n\n\n<p><strong>Responsabilit\u00e9<\/strong><\/p>\n\n\n\n<p>Nous sommes responsables de l&rsquo;utilisation (du traitement) des donn\u00e9es personnelles comme indiqu\u00e9 dans la pr\u00e9sente d\u00e9claration de confidentialit\u00e9. Notre responsable de la protection des donn\u00e9es supervise cette op\u00e9ration et peut \u00eatre joint \u00e0 l&rsquo;adresse ci-dessus.<\/p>\n\n\n\n<p><strong>Dans quel but traitons-nous les donn\u00e9es personnelles?<\/strong><\/p>\n\n\n\n<p>Nous traitons les donn\u00e9es personnelles que vous nous avez fournies. Nous avons besoin de ces donn\u00e9es pour la souscription, l&rsquo;\u00e9mission et la gestion des contrats d\u2019assurance. <\/p>\n\n\n\n<p><strong>Quel type de donn\u00e9es personnelles vous concernant collectons-nous?<\/strong><\/p>\n\n\n\n<p>Par donn\u00e9es \u00e0 caract\u00e8re personnel, on entend toute information sp\u00e9cifique relative \u00e0 une personne physique qui peut \u00eatre identifi\u00e9e. Veuillez trouver ci-dessous un aper\u00e7u des donn\u00e9es \u00e0 caract\u00e8re personnel que nous traitons:<\/p>\n\n\n\n<ul class=\"wp-block-list\">\n<li>Pr\u00e9nom et nom de famille;<\/li>\n\n\n\n<li>Sexe;<\/li>\n\n\n\n<li>Date de naissance;<\/li>\n\n\n\n<li>Adresse;<\/li>\n\n\n\n<li>Num\u00e9ro de t\u00e9l\u00e9phone;<\/li>\n\n\n\n<li>Adresse \u00e9lectronique;<\/li>\n\n\n\n<li>Num\u00e9ro de compte bancaire;<\/li>\n\n\n\n<li>\u00c9change de donn\u00e9es avec la DIV, Datassur, Fonds Commun de Garantie, etc.<\/li>\n\n\n\n<li>Autres donn\u00e9es personnelles que vous fournissez, par exemple en envoyant un profil sur ce site web ou par correspondance ou par t\u00e9l\u00e9phone.<\/li>\n<\/ul>\n\n\n\n<p><strong>Combien de temps conservons-nous vos donn\u00e9es?<\/strong><\/p>\n\n\n\n<p>Nous conservons vos donn\u00e9es dans la mesure o\u00f9 cela est n\u00e9cessaire \u00e0 la r\u00e9alisation des finalit\u00e9s pour lesquelles nous les traitons et pour une dur\u00e9e n\u2019exc\u00e9dant pas celle autoris\u00e9e par la loi.<\/p>\n\n\n\n<p><strong>Comment g\u00e9rons-nous la s\u00e9curit\u00e9 de vos donn\u00e9es?<\/strong><\/p>\n\n\n\n<p>Nous ne vendons pas vos donn\u00e9es et ne les fournissons \u00e0 des tiers que si cela est n\u00e9cessaire pour l&rsquo;ex\u00e9cution de notre contrat avec vous ou pour se conformer \u00e0 une obligation l\u00e9gale.<\/p>\n\n\n\n<p>Nous prenons au s\u00e9rieux la protection de vos donn\u00e9es et prenons toutes les mesures techniques et organisationnelles appropri\u00e9es qui permettent de garantir la confidentialit\u00e9 de vos donn\u00e9es \u00e0 caract\u00e8re personnel et de les prot\u00e9ger contre la perte, le vol, la mauvaise utilisation ainsi que contre l\u2019acc\u00e8s, la divulgation, l\u2019alt\u00e9ration et la destruction non autoris\u00e9s. Si vous avez l&rsquo;impression que vos donn\u00e9es ne sont pas correctement s\u00e9curis\u00e9es ou qu&rsquo;il existe des signes d&rsquo;abus, veuillez contacter notre notre responsable de la protection des donn\u00e9es \u00e0 l\u2019adresse e-mail suivante: <a href=\"mailto:fgb@combimotors.nl\">info@combimotors.be<\/a><\/p>\n\n\n\n<p><strong>Votre visite de notre site<\/strong><\/p>\n\n\n\n<p>Lors de votre visite sur notre site Web, un cookie (petit fichier texte) est stock\u00e9 dans le navigateur de votre ordinateur, tablette ou smartphone. Nous utilisons des cookies avec une fonctionnalit\u00e9 purement technique. Celles-ci garantissent le bon fonctionnement du site Web et la m\u00e9morisation de vos param\u00e8tres pr\u00e9f\u00e9r\u00e9s, par exemple.<\/p>\n\n\n\n<p><strong>Consultation, modification ou suppression de vos donn\u00e9es personnelles<\/strong><\/p>\n\n\n\n<p>Vous avez le droit de consultation, demande de modification ou d\u2019effacement (sous r\u00e9serve des exigences l\u00e9gales de conservation) sur l\u2019ensemble de vos donn\u00e9es personnelles. De plus, vous avez aussi bien le droit de retirer votre consentement que de vous opposer au traitement de vos donn\u00e9es personnelles par nos soins. Vous avez \u00e9galement le droit de transf\u00e9rer vos donn\u00e9es \u00e0 caract\u00e8re personnel. Cela signifie que vous pouvez nous demander d&rsquo;envoyer les donn\u00e9es personnelles que nous avons sur vous dans un fichier informatique \u00e0 vous ou \u00e0 une autre organisation que vous avez mentionn\u00e9e. Vous pouvez envoyer une demande d&rsquo;acc\u00e8s, de rectification, de suppression, de transfert de vos donn\u00e9es personnelles ou de retrait de votre consentement ou d&rsquo;opposition au traitement de vos donn\u00e9es personnelles \u00e0 <a href=\"mailto:fgb@combimotors.nl\">info@combimotors.<\/a>be<\/p>\n\n\n\n<p>Afin d&rsquo;\u00eatre s\u00fbr que la demande a \u00e9t\u00e9 faite par vous, nous vous demandons de nous envoyer une copie de votre pi\u00e8ce d&rsquo;identit\u00e9 avec la demande. Sur cette copie, nous vous recommandons de masquer votre photo et votre num\u00e9ro du registre national. Ceci afin de prot\u00e9ger votre vie priv\u00e9e. Nous r\u00e9pondrons \u00e0 votre demande dans les plus brefs d\u00e9lais, mais dans un d\u00e9lai de quatre semaines maximum.<\/p>\n\n\n\n<p>Nous aimerions \u00e9galement signaler que vous avez la possibilit\u00e9 d\u2019introduire une r\u00e9clamation aupr\u00e8s de l\u2019Autorit\u00e9 belge de protection des donn\u00e9es (ABPD). Pour cela, vous pouvez vous connecter sur le site suivant: <a href=\"https:\/\/www.autoriteprotectiondonnees.be\/\">https:\/\/www.autoriteprotectiondonnees.be\/<\/a><\/p>\n\n\n\n<p><strong>Modification<\/strong><\/p>\n\n\n\n<p>Nous nous r\u00e9servons le droit de modifier \u00e0 tout moment la d\u00e9claration de confidentialit\u00e9, notamment pour l\u2019adapter \u00e0 la modification d\u2019un service ou des exigences l\u00e9gales et\/ou r\u00e9glementaires. Les modifications de cette d\u00e9claration de confidentialit\u00e9 entrent en vigueur au moment de leur publication. Nous vous invitons \u00e0 toujours consulter la version la plus r\u00e9cente.<\/p>\n\n\n\n<p>La pr\u00e9sente D\u00e9claration de confidentialit\u00e9 a \u00e9t\u00e9 modifi\u00e9e et r\u00e9vis\u00e9e pour la derni\u00e8re fois le 2 f\u00e9vrier 2021.<\/p>\n","protected":false},"excerpt":{"rendered":"<p>Kawasaki Insurance est g\u00e9r\u00e9 et commercialis\u00e9 par Combi Motors Belgium BV. Responsabilit\u00e9 des contenus publi\u00e9s Kawasaki Insurance efforce d&rsquo;assurer au mieux de ses possibilit\u00e9s, l&rsquo;exactitude et la mise \u00e0 jour de toutes les informations sur ce site. Toutefois, nous ne pouvons pas garantir que ces informations sont toujours \u00e0 jour, exemptes d&rsquo;erreurs ou compl\u00e8tes. Par<a class=\"excerpt-read-more\" href=\"https:\/\/kawasaki-insurance.be\/fr\/privacy-verklaring\/\" title=\"ReadPolitique des cookies\">&#8230; Read more &raquo;<\/a><\/p>\n","protected":false},"author":1,"featured_media":0,"parent":0,"menu_order":0,"comment_status":"closed","ping_status":"closed","template":"","meta":{"_acf_changed":false,"editor_notices":[],"footnotes":""},"class_list":["post-57","page","type-page","status-publish","hentry"],"acf":[],"_links":{"self":[{"href":"https:\/\/kawasaki-insurance.be\/fr\/wp-json\/wp\/v2\/pages\/57","targetHints":{"allow":["GET"]}}],"collection":[{"href":"https:\/\/kawasaki-insurance.be\/fr\/wp-json\/wp\/v2\/pages"}],"about":[{"href":"https:\/\/kawasaki-insurance.be\/fr\/wp-json\/wp\/v2\/types\/page"}],"author":[{"embeddable":true,"href":"https:\/\/kawasaki-insurance.be\/fr\/wp-json\/wp\/v2\/users\/1"}],"replies":[{"embeddable":true,"href":"https:\/\/kawasaki-insurance.be\/fr\/wp-json\/wp\/v2\/comments?post=57"}],"version-history":[{"count":6,"href":"https:\/\/kawasaki-insurance.be\/fr\/wp-json\/wp\/v2\/pages\/57\/revisions"}],"predecessor-version":[{"id":510,"href":"https:\/\/kawasaki-insurance.be\/fr\/wp-json\/wp\/v2\/pages\/57\/revisions\/510"}],"wp:attachment":[{"href":"https:\/\/kawasaki-insurance.be\/fr\/wp-json\/wp\/v2\/media?parent=57"}],"curies":[{"name":"wp","href":"https:\/\/api.w.org\/{rel}","templated":true}]}}